{"id":62080,"date":"2024-04-17T16:24:54","date_gmt":"2024-04-17T14:24:54","guid":{"rendered":"https:\/\/click2buy.com\/\/?page_id=62080"},"modified":"2024-09-09T16:52:01","modified_gmt":"2024-09-09T14:52:01","slug":"contact","status":"publish","type":"page","link":"https:\/\/click2buy.com\/fr\/contact\/","title":{"rendered":"Contactez-nous"},"content":{"rendered":"\t\t<div data-elementor-type=\"wp-page\" data-elementor-id=\"62080\" class=\"elementor elementor-62080\" data-elementor-post-type=\"page\">\n\t\t\t\t<section class=\"elementor-element elementor-element-b0b8cbb e-flex e-con-boxed e-con e-parent\" data-id=\"b0b8cbb\" data-element_type=\"container\" data-e-type=\"container\">\n\t\t\t\t\t<div class=\"e-con-inner\">\n\t\t<div class=\"elementor-element elementor-element-46c9b1d e-flex e-con-boxed e-con e-child\" data-id=\"46c9b1d\" data-element_type=\"container\" data-e-type=\"container\">\n\t\t\t\t\t<div class=\"e-con-inner\">\n\t\t\t\t<div class=\"elementor-element elementor-element-25e9a1a elementor-widget elementor-widget-heading\" data-id=\"25e9a1a\" data-element_type=\"widget\" data-e-type=\"widget\" data-widget_type=\"heading.default\">\n\t\t\t\t<div class=\"elementor-widget-container\">\n\t\t\t\t\t<h1 class=\"elementor-heading-title elementor-size-default\">Contactez<span> nous<\/h1>\t\t\t\t<\/div>\n\t\t\t\t<\/div>\n\t\t\t\t<div class=\"elementor-element elementor-element-9902a1f elementor-widget__width-initial elementor-widget elementor-widget-text-editor\" data-id=\"9902a1f\" data-element_type=\"widget\" data-e-type=\"widget\" data-widget_type=\"text-editor.default\">\n\t\t\t\t<div class=\"elementor-widget-container\">\n\t\t\t\t\t\t\t\t\t<div class=\"flex flex-grow flex-col max-w-full\"><div class=\"min-h-[20px] text-message flex flex-col items-start gap-3 whitespace-pre-wrap break-words [.text-message+&amp;]:mt-5 overflow-x-auto\" dir=\"auto\" data-message-author-role=\"assistant\" data-message-id=\"37859ff3-9106-4d42-a94d-cdc072b96dfc\"><div class=\"markdown prose w-full break-words dark:prose-invert light\"><p>Prenons le temps de discuter! Envoyez-nous un message ou r\u00e9servez un rendez-vous ci-dessous.<\/p><\/div><\/div><\/div>\t\t\t\t\t\t\t\t<\/div>\n\t\t\t\t<\/div>\n\t\t\t\t\t<\/div>\n\t\t\t\t<\/div>\n\t\t\t\t\t<\/div>\n\t\t\t\t<\/section>\n\t\t<section class=\"elementor-element elementor-element-dde0f29 e-flex e-con-boxed e-con e-parent\" data-id=\"dde0f29\" data-element_type=\"container\" data-e-type=\"container\" data-settings=\"{&quot;background_background&quot;:&quot;classic&quot;}\">\n\t\t\t\t\t<div class=\"e-con-inner\">\n\t\t<section class=\"elementor-element elementor-element-b722a86 e-con-full e-flex e-con e-child\" data-id=\"b722a86\" data-element_type=\"container\" data-e-type=\"container\">\n\t\t\t\t<div class=\"elementor-element elementor-element-009b43d elementor-widget elementor-widget-html\" data-id=\"009b43d\" data-element_type=\"widget\" data-e-type=\"widget\" data-widget_type=\"html.default\">\n\t\t\t\t<div class=\"elementor-widget-container\">\n\t\t\t\t\t<script charset=\"utf-8\" type=\"text\/javascript\" src=\"\/\/js.hsforms.net\/forms\/embed\/v2.js\"><\/script>\n<script>\n  hbspt.forms.create({\n    region: \"na1\",\n    portalId: \"6993614\",\n    formId: \"a75c6ee9-0253-41d6-9672-6da2d619c101\"\n  });\n<\/script>\t\t\t\t<\/div>\n\t\t\t\t<\/div>\n\t\t\t\t<\/section>\n\t\t<aside class=\"elementor-element elementor-element-5a44402 e-con-full e-flex e-con e-child\" data-id=\"5a44402\" data-element_type=\"container\" data-e-type=\"container\">\n\t\t<div class=\"elementor-element elementor-element-7b96d41 e-flex e-con-boxed e-con e-child\" data-id=\"7b96d41\" data-element_type=\"container\" data-e-type=\"container\" data-settings=\"{&quot;sticky&quot;:&quot;top&quot;,&quot;sticky_offset&quot;:100,&quot;sticky_parent&quot;:&quot;yes&quot;,&quot;sticky_on&quot;:[&quot;desktop&quot;,&quot;laptop&quot;,&quot;tablet_extra&quot;,&quot;tablet&quot;,&quot;mobile&quot;],&quot;sticky_effects_offset&quot;:0,&quot;sticky_anchor_link_offset&quot;:0}\">\n\t\t\t\t\t<div class=\"e-con-inner\">\n\t\t<div class=\"elementor-element elementor-element-e92a06b e-con-full e-flex e-con e-child\" data-id=\"e92a06b\" data-element_type=\"container\" data-e-type=\"container\" data-settings=\"{&quot;background_background&quot;:&quot;classic&quot;}\">\n\t\t<div class=\"elementor-element elementor-element-a50547c e-flex e-con-boxed e-con e-child\" data-id=\"a50547c\" data-element_type=\"container\" data-e-type=\"container\">\n\t\t\t\t\t<div class=\"e-con-inner\">\n\t\t\t\t<div class=\"elementor-element elementor-element-1272a0b elementor-widget elementor-widget-heading\" data-id=\"1272a0b\" data-element_type=\"widget\" data-e-type=\"widget\" data-widget_type=\"heading.default\">\n\t\t\t\t<div class=\"elementor-widget-container\">\n\t\t\t\t\t<h3 class=\"elementor-heading-title elementor-size-default\">\nPrenez rendez-vous<\/h3>\t\t\t\t<\/div>\n\t\t\t\t<\/div>\n\t\t\t\t<div class=\"elementor-element elementor-element-7880d79 elementor-widget elementor-widget-text-editor\" data-id=\"7880d79\" data-element_type=\"widget\" data-e-type=\"widget\" data-widget_type=\"text-editor.default\">\n\t\t\t\t<div class=\"elementor-widget-container\">\n\t\t\t\t\t\t\t\t\t<p>Besoin d&rsquo;\u00e9changer ne serait-ce qu&rsquo;un quart d&rsquo;heure avec un membre de l&rsquo;\u00e9quipe Click2Buy au sujet d&rsquo;un projet potentiel ?<\/p>\t\t\t\t\t\t\t\t<\/div>\n\t\t\t\t<\/div>\n\t\t\t\t<div class=\"elementor-element elementor-element-0dc59ea hs-btn hs-secondary elementor-widget elementor-widget-html\" data-id=\"0dc59ea\" data-element_type=\"widget\" data-e-type=\"widget\" data-widget_type=\"html.default\">\n\t\t\t\t<div class=\"elementor-widget-container\">\n\t\t\t\t\t<div class=\"hs-web-interactive-inline\" style=\"\" data-hubspot-wrapper-cta-id=\"164972729108\"> \n <style data-hubspot-cta-style=\"hs-inline-web-interactive-164972729108\">\n\n  a.hs-inline-web-interactive-164972729108 {\n    cursor: pointer !important;\n  }\n\n  a.hs-inline-web-interactive-164972729108:hover {\n    \n  }\n\n  a.hs-inline-web-interactive-164972729108:active {\n    \n  }\n\n  a.hs-inline-web-interactive-164972729108:active:hover {\n    \n  }\n\n<\/style> \n <span class=\"hs-cta-wrapper hs-web-interactive-wrapper\"><span class=\"hs-cta-node hs-web-interactive-node\"> <a href=\"https:\/\/cta-service-cms2.hubspot.com\/web-interactives\/public\/v1\/track\/click?encryptedPayload=AVxigLJtP4hGf0WiKJRcjiTxX695pNfDQRiJuIjWlSZpKxc%2FQMIAXnZhV24hnt4Ni7pofyFzlJel8EIgc4cO1ikZMBZwpBHy%2FPb9nSLev7HAnmnNXoLxMP7YdKXroM%2FJ7f7mod5JM1M3hvYyc0uNNNASfci7sIITra38yQn%2F0%2FCv0qk7pGeyHU5jIZxOQoyw6mjWAe3t3i6%2Bmjw%3D&amp;portalId=6993614\" target=\"_blank\" rel=\"noopener\" class=\"hs-inline-web-interactive-164972729108   \" data-hubspot-cta-id=\"164972729108\"> Demander une d\u00e9mo <\/a> <\/span><\/span> \n<\/div>\t\t\t\t<\/div>\n\t\t\t\t<\/div>\n\t\t\t\t\t<\/div>\n\t\t\t\t<\/div>\n\t\t\t\t<\/div>\n\t\t<div class=\"elementor-element elementor-element-4eb637d e-con-full e-flex e-con e-child\" data-id=\"4eb637d\" data-element_type=\"container\" data-e-type=\"container\" data-settings=\"{&quot;background_background&quot;:&quot;classic&quot;}\">\n\t\t<div class=\"elementor-element elementor-element-de914cb e-flex e-con-boxed e-con e-child\" data-id=\"de914cb\" data-element_type=\"container\" data-e-type=\"container\">\n\t\t\t\t\t<div class=\"e-con-inner\">\n\t\t\t\t<div class=\"elementor-element elementor-element-6bb643f elementor-widget elementor-widget-heading\" data-id=\"6bb643f\" data-element_type=\"widget\" data-e-type=\"widget\" data-widget_type=\"heading.default\">\n\t\t\t\t<div class=\"elementor-widget-container\">\n\t\t\t\t\t<h3 class=\"elementor-heading-title elementor-size-default\">\nDemandez \u00e0 \u00eatre rappel\u00e9<\/h3>\t\t\t\t<\/div>\n\t\t\t\t<\/div>\n\t\t\t\t<div class=\"elementor-element elementor-element-61b44fa elementor-widget elementor-widget-text-editor\" data-id=\"61b44fa\" data-element_type=\"widget\" data-e-type=\"widget\" data-widget_type=\"text-editor.default\">\n\t\t\t\t<div class=\"elementor-widget-container\">\n\t\t\t\t\t\t\t\t\t<p>Laissez-nous vos coordonn\u00e9es et nous vous recontacterons d\u00e8s que possible.<\/p>\t\t\t\t\t\t\t\t<\/div>\n\t\t\t\t<\/div>\n\t\t\t\t<div class=\"elementor-element elementor-element-02b9293 elementor-widget elementor-widget-html\" data-id=\"02b9293\" data-element_type=\"widget\" data-e-type=\"widget\" data-widget_type=\"html.default\">\n\t\t\t\t<div class=\"elementor-widget-container\">\n\t\t\t\t\t<script charset=\"utf-8\" type=\"text\/javascript\" src=\"\/\/js.hsforms.net\/forms\/embed\/v2.js\"><\/script>\n<script>\n  hbspt.forms.create({\n    region: \"na1\",\n    portalId: \"6993614\",\n    formId: \"66d15280-be14-47af-aba4-62f030129b67\"\n  });\n<\/script>\t\t\t\t<\/div>\n\t\t\t\t<\/div>\n\t\t\t\t\t<\/div>\n\t\t\t\t<\/div>\n\t\t\t\t<\/div>\n\t\t\t\t\t<\/div>\n\t\t\t\t<\/div>\n\t\t\t\t<\/aside>\n\t\t\t\t\t<\/div>\n\t\t\t\t<\/section>\n\t\t<div class=\"elementor-element elementor-element-998d7ea e-flex e-con-boxed e-con e-parent\" data-id=\"998d7ea\" data-element_type=\"container\" data-e-type=\"container\" data-settings=\"{&quot;background_background&quot;:&quot;classic&quot;}\">\n\t\t\t\t\t<div class=\"e-con-inner\">\n\t\t<div class=\"elementor-element elementor-element-c4291bb e-con-full mobile-overlap blanc e-flex e-con e-child\" data-id=\"c4291bb\" data-element_type=\"container\" data-e-type=\"container\" data-settings=\"{&quot;background_background&quot;:&quot;classic&quot;}\">\n\t\t<div class=\"elementor-element elementor-element-2c9dd4d e-con-full e-flex e-con e-child\" data-id=\"2c9dd4d\" data-element_type=\"container\" data-e-type=\"container\">\n\t\t<div class=\"elementor-element elementor-element-0bef0bc e-flex e-con-boxed e-con e-child\" data-id=\"0bef0bc\" data-element_type=\"container\" data-e-type=\"container\">\n\t\t\t\t\t<div class=\"e-con-inner\">\n\t\t\t\t<div class=\"elementor-element elementor-element-98a54f7 elementor-widget elementor-widget-heading\" data-id=\"98a54f7\" data-element_type=\"widget\" data-e-type=\"widget\" data-widget_type=\"heading.default\">\n\t\t\t\t<div class=\"elementor-widget-container\">\n\t\t\t\t\t<h2 class=\"elementor-heading-title elementor-size-default\">T\u00e9l\u00e9charger le catalogue produit Click2Buy<\/h2>\t\t\t\t<\/div>\n\t\t\t\t<\/div>\n\t\t\t\t<div class=\"elementor-element elementor-element-2a33197 elementor-widget elementor-widget-text-editor\" data-id=\"2a33197\" data-element_type=\"widget\" data-e-type=\"widget\" data-widget_type=\"text-editor.default\">\n\t\t\t\t<div class=\"elementor-widget-container\">\n\t\t\t\t\t\t\t\t\t<p>Vous souhaitez tout savoir sur notre solution et sur la mani\u00e8re dont elle peut booster votre business ? Remplissez ce formulaire et recevez notre catalogue produit complet.<\/p>\t\t\t\t\t\t\t\t<\/div>\n\t\t\t\t<\/div>\n\t\t\t\t<div class=\"elementor-element elementor-element-d6e268c rounded-form white-form elementor-widget elementor-widget-html\" data-id=\"d6e268c\" data-element_type=\"widget\" data-e-type=\"widget\" data-widget_type=\"html.default\">\n\t\t\t\t<div class=\"elementor-widget-container\">\n\t\t\t\t\t<script charset=\"utf-8\" type=\"text\/javascript\" src=\"\/\/js.hsforms.net\/forms\/embed\/v2.js\"><\/script>\n<script>\n  hbspt.forms.create({\n    region: \"na1\",\n    portalId: \"6993614\",\n    formId: \"81afa707-ec7c-407e-abaf-e71f1e96e9bc\"\n  });\n<\/script>\t\t\t\t<\/div>\n\t\t\t\t<\/div>\n\t\t\t\t\t<\/div>\n\t\t\t\t<\/div>\n\t\t\t\t<\/div>\n\t\t<div class=\"elementor-element elementor-element-810108f e-con-full elementor-hidden-tablet elementor-hidden-mobile e-flex e-con e-child\" data-id=\"810108f\" data-element_type=\"container\" data-e-type=\"container\">\n\t\t\t\t<div class=\"elementor-element elementor-element-30fc32c e-transform e-transform e-transform elementor-widget elementor-widget-image\" data-id=\"30fc32c\" data-element_type=\"widget\" data-e-type=\"widget\" data-settings=\"{&quot;_transform_rotateZ_effect&quot;:{&quot;unit&quot;:&quot;px&quot;,&quot;size&quot;:3,&quot;sizes&quot;:[]},&quot;_transform_translateX_effect&quot;:{&quot;unit&quot;:&quot;rem&quot;,&quot;size&quot;:0,&quot;sizes&quot;:[]},&quot;_transform_translateX_effect_tablet&quot;:{&quot;unit&quot;:&quot;rem&quot;,&quot;size&quot;:&quot;&quot;,&quot;sizes&quot;:[]},&quot;_transform_translateX_effect_mobile&quot;:{&quot;unit&quot;:&quot;rem&quot;,&quot;size&quot;:&quot;&quot;,&quot;sizes&quot;:[]},&quot;_transform_translateY_effect&quot;:{&quot;unit&quot;:&quot;rem&quot;,&quot;size&quot;:-3,&quot;sizes&quot;:[]},&quot;_transform_translateY_effect_tablet&quot;:{&quot;unit&quot;:&quot;rem&quot;,&quot;size&quot;:&quot;&quot;,&quot;sizes&quot;:[]},&quot;_transform_translateY_effect_mobile&quot;:{&quot;unit&quot;:&quot;rem&quot;,&quot;size&quot;:&quot;&quot;,&quot;sizes&quot;:[]},&quot;_transform_scale_effect&quot;:{&quot;unit&quot;:&quot;px&quot;,&quot;size&quot;:1.05,&quot;sizes&quot;:[]},&quot;_transform_rotateZ_effect_laptop&quot;:{&quot;unit&quot;:&quot;deg&quot;,&quot;size&quot;:&quot;&quot;,&quot;sizes&quot;:[]},&quot;_transform_rotateZ_effect_tablet_extra&quot;:{&quot;unit&quot;:&quot;deg&quot;,&quot;size&quot;:&quot;&quot;,&quot;sizes&quot;:[]},&quot;_transform_rotateZ_effect_tablet&quot;:{&quot;unit&quot;:&quot;deg&quot;,&quot;size&quot;:&quot;&quot;,&quot;sizes&quot;:[]},&quot;_transform_rotateZ_effect_mobile&quot;:{&quot;unit&quot;:&quot;deg&quot;,&quot;size&quot;:&quot;&quot;,&quot;sizes&quot;:[]},&quot;_transform_translateX_effect_laptop&quot;:{&quot;unit&quot;:&quot;px&quot;,&quot;size&quot;:&quot;&quot;,&quot;sizes&quot;:[]},&quot;_transform_translateX_effect_tablet_extra&quot;:{&quot;unit&quot;:&quot;px&quot;,&quot;size&quot;:&quot;&quot;,&quot;sizes&quot;:[]},&quot;_transform_translateY_effect_laptop&quot;:{&quot;unit&quot;:&quot;px&quot;,&quot;size&quot;:&quot;&quot;,&quot;sizes&quot;:[]},&quot;_transform_translateY_effect_tablet_extra&quot;:{&quot;unit&quot;:&quot;px&quot;,&quot;size&quot;:&quot;&quot;,&quot;sizes&quot;:[]},&quot;_transform_scale_effect_laptop&quot;:{&quot;unit&quot;:&quot;px&quot;,&quot;size&quot;:&quot;&quot;,&quot;sizes&quot;:[]},&quot;_transform_scale_effect_tablet_extra&quot;:{&quot;unit&quot;:&quot;px&quot;,&quot;size&quot;:&quot;&quot;,&quot;sizes&quot;:[]},&quot;_transform_scale_effect_tablet&quot;:{&quot;unit&quot;:&quot;px&quot;,&quot;size&quot;:&quot;&quot;,&quot;sizes&quot;:[]},&quot;_transform_scale_effect_mobile&quot;:{&quot;unit&quot;:&quot;px&quot;,&quot;size&quot;:&quot;&quot;,&quot;sizes&quot;:[]}}\" data-widget_type=\"image.default\">\n\t\t\t\t<div class=\"elementor-widget-container\">\n\t\t\t\t\t\t\t\t\t\t\t\t\t\t\t<img fetchpriority=\"high\" decoding=\"async\" width=\"800\" height=\"1132\" src=\"https:\/\/click2buy.com\/wp-content\/uploads\/2024\/05\/Couverture-catalogue.png\" class=\"attachment-large size-large wp-image-66574\" alt=\"Catalogue Produit Click2Buy\" srcset=\"https:\/\/click2buy.com\/wp-content\/uploads\/2024\/05\/Couverture-catalogue.png 1357w, https:\/\/click2buy.com\/wp-content\/uploads\/2024\/05\/Couverture-catalogue-106x150.png 106w, https:\/\/click2buy.com\/wp-content\/uploads\/2024\/05\/Couverture-catalogue-1086x1536.png 1086w\" sizes=\"(max-width: 800px) 100vw, 800px\" \/>\t\t\t\t\t\t\t\t\t\t\t\t\t\t\t<\/div>\n\t\t\t\t<\/div>\n\t\t\t\t<\/div>\n\t\t\t\t<\/div>\n\t\t\t\t\t<\/div>\n\t\t\t\t<\/div>\n\t\t<div class=\"elementor-element elementor-element-6aaa893 elementor-hidden-mobile e-flex e-con-boxed e-con e-parent\" data-id=\"6aaa893\" data-element_type=\"container\" data-e-type=\"container\" data-settings=\"{&quot;background_background&quot;:&quot;classic&quot;}\">\n\t\t\t\t\t<div class=\"e-con-inner\">\n\t\t\t\t<div class=\"elementor-element elementor-element-3733c29 elementor-widget elementor-widget-spacer\" data-id=\"3733c29\" data-element_type=\"widget\" data-e-type=\"widget\" data-widget_type=\"spacer.default\">\n\t\t\t\t<div class=\"elementor-widget-container\">\n\t\t\t\t\t\t\t<div class=\"elementor-spacer\">\n\t\t\t<div class=\"elementor-spacer-inner\"><\/div>\n\t\t<\/div>\n\t\t\t\t\t\t<\/div>\n\t\t\t\t<\/div>\n\t\t\t\t\t<\/div>\n\t\t\t\t<\/div>\n\t\t\t\t<\/div>\n\t\t","protected":false},"excerpt":{"rendered":"<p>Contactez nous Prenons le temps de discuter! Envoyez-nous un message ou r\u00e9servez un rendez-vous ci-dessous. Prenez rendez-vous Besoin d&rsquo;\u00e9changer ne serait-ce qu&rsquo;un quart d&rsquo;heure avec un membre de l&rsquo;\u00e9quipe Click2Buy au sujet d&rsquo;un projet potentiel ? Demander une d\u00e9mo Demandez \u00e0 \u00eatre rappel\u00e9 Laissez-nous vos coordonn\u00e9es et nous vous recontacterons d\u00e8s que possible. T\u00e9l\u00e9charger le [&hellip;]<\/p>\n","protected":false},"author":19,"featured_media":63138,"parent":0,"menu_order":0,"comment_status":"closed","ping_status":"closed","template":"","meta":{"_acf_changed":false,"content-type":"","footnotes":""},"class_list":["post-62080","page","type-page","status-publish","has-post-thumbnail","hentry"],"acf":[],"yoast_head":"<!-- This site is optimized with the Yoast SEO plugin v27.4 - https:\/\/yoast.com\/product\/yoast-seo-wordpress\/ -->\n<title>Click2Buy | Contactez-nous<\/title>\n<meta name=\"description\" content=\"Une question ? Contactez-nous ! Besoin d\u2019\u00e9changer avec un membre de l\u2019\u00e9quipe Click2Buy au sujet d\u2019un projet potentiel ? Contactez-nous par t\u00e9l\u00e9phone au +33 3 66 72 29 04.\" \/>\n<meta name=\"robots\" content=\"index, follow, max-snippet:-1, max-image-preview:large, max-video-preview:-1\" \/>\n<link rel=\"canonical\" href=\"https:\/\/click2buy.com\/fr\/contact\/\" \/>\n<meta property=\"og:locale\" content=\"fr_FR\" \/>\n<meta property=\"og:type\" content=\"article\" \/>\n<meta property=\"og:title\" content=\"Click2Buy | Contactez-nous\" \/>\n<meta property=\"og:description\" content=\"Une question ? Contactez-nous ! Besoin d\u2019\u00e9changer avec un membre de l\u2019\u00e9quipe Click2Buy au sujet d\u2019un projet potentiel ? Contactez-nous par t\u00e9l\u00e9phone au +33 3 66 72 29 04.\" \/>\n<meta property=\"og:url\" content=\"https:\/\/click2buy.com\/fr\/contact\/\" \/>\n<meta property=\"og:site_name\" content=\"Click2Buy\" \/>\n<meta property=\"article:modified_time\" content=\"2024-09-09T14:52:01+00:00\" \/>\n<meta property=\"og:image\" content=\"https:\/\/click2buy.com\/wp-content\/uploads\/2024\/04\/featured-image.jpg\" \/>\n\t<meta property=\"og:image:width\" content=\"1056\" \/>\n\t<meta property=\"og:image:height\" content=\"1132\" \/>\n\t<meta property=\"og:image:type\" content=\"image\/jpeg\" \/>\n<meta name=\"twitter:card\" content=\"summary_large_image\" \/>\n<meta name=\"twitter:label1\" content=\"Dur\u00e9e de lecture estim\u00e9e\" \/>\n\t<meta name=\"twitter:data1\" content=\"1 minute\" \/>\n<script type=\"application\/ld+json\" class=\"yoast-schema-graph\">{\"@context\":\"https:\\\/\\\/schema.org\",\"@graph\":[{\"@type\":\"WebPage\",\"@id\":\"https:\\\/\\\/click2buy.com\\\/fr\\\/contact\\\/\",\"url\":\"https:\\\/\\\/click2buy.com\\\/fr\\\/contact\\\/\",\"name\":\"Click2Buy | Contactez-nous\",\"isPartOf\":{\"@id\":\"https:\\\/\\\/click2buy.com\\\/fr\\\/#website\"},\"primaryImageOfPage\":{\"@id\":\"https:\\\/\\\/click2buy.com\\\/fr\\\/contact\\\/#primaryimage\"},\"image\":{\"@id\":\"https:\\\/\\\/click2buy.com\\\/fr\\\/contact\\\/#primaryimage\"},\"thumbnailUrl\":\"https:\\\/\\\/click2buy.com\\\/wp-content\\\/uploads\\\/2024\\\/04\\\/featured-image.jpg\",\"datePublished\":\"2024-04-17T14:24:54+00:00\",\"dateModified\":\"2024-09-09T14:52:01+00:00\",\"description\":\"Une question ? Contactez-nous ! Besoin d\u2019\u00e9changer avec un membre de l\u2019\u00e9quipe Click2Buy au sujet d\u2019un projet potentiel ? Contactez-nous par t\u00e9l\u00e9phone au +33 3 66 72 29 04.\",\"breadcrumb\":{\"@id\":\"https:\\\/\\\/click2buy.com\\\/fr\\\/contact\\\/#breadcrumb\"},\"inLanguage\":\"fr-FR\",\"potentialAction\":[{\"@type\":\"ReadAction\",\"target\":[\"https:\\\/\\\/click2buy.com\\\/fr\\\/contact\\\/\"]}]},{\"@type\":\"ImageObject\",\"inLanguage\":\"fr-FR\",\"@id\":\"https:\\\/\\\/click2buy.com\\\/fr\\\/contact\\\/#primaryimage\",\"url\":\"https:\\\/\\\/click2buy.com\\\/wp-content\\\/uploads\\\/2024\\\/04\\\/featured-image.jpg\",\"contentUrl\":\"https:\\\/\\\/click2buy.com\\\/wp-content\\\/uploads\\\/2024\\\/04\\\/featured-image.jpg\",\"width\":1056,\"height\":1132},{\"@type\":\"BreadcrumbList\",\"@id\":\"https:\\\/\\\/click2buy.com\\\/fr\\\/contact\\\/#breadcrumb\",\"itemListElement\":[{\"@type\":\"ListItem\",\"position\":1,\"name\":\"Home\",\"item\":\"https:\\\/\\\/click2buy.com\\\/fr\\\/\"},{\"@type\":\"ListItem\",\"position\":2,\"name\":\"Contactez-nous\"}]},{\"@type\":\"WebSite\",\"@id\":\"https:\\\/\\\/click2buy.com\\\/fr\\\/#website\",\"url\":\"https:\\\/\\\/click2buy.com\\\/fr\\\/\",\"name\":\"Click2Buy\",\"description\":\"Facilite le parcours d&#039;achat\",\"publisher\":{\"@id\":\"https:\\\/\\\/click2buy.com\\\/fr\\\/#organization\"},\"potentialAction\":[{\"@type\":\"SearchAction\",\"target\":{\"@type\":\"EntryPoint\",\"urlTemplate\":\"https:\\\/\\\/click2buy.com\\\/fr\\\/?s={search_term_string}\"},\"query-input\":{\"@type\":\"PropertyValueSpecification\",\"valueRequired\":true,\"valueName\":\"search_term_string\"}}],\"inLanguage\":\"fr-FR\"},{\"@type\":\"Organization\",\"@id\":\"https:\\\/\\\/click2buy.com\\\/fr\\\/#organization\",\"name\":\"Click2Buy\",\"url\":\"https:\\\/\\\/click2buy.com\\\/fr\\\/\",\"logo\":{\"@type\":\"ImageObject\",\"inLanguage\":\"fr-FR\",\"@id\":\"https:\\\/\\\/click2buy.com\\\/fr\\\/#\\\/schema\\\/logo\\\/image\\\/\",\"url\":\"https:\\\/\\\/click2buy.com\\\/wp-content\\\/uploads\\\/2026\\\/02\\\/Logo-Click2buy-1.webp\",\"contentUrl\":\"https:\\\/\\\/click2buy.com\\\/wp-content\\\/uploads\\\/2026\\\/02\\\/Logo-Click2buy-1.webp\",\"width\":2480,\"height\":559,\"caption\":\"Click2Buy\"},\"image\":{\"@id\":\"https:\\\/\\\/click2buy.com\\\/fr\\\/#\\\/schema\\\/logo\\\/image\\\/\"},\"sameAs\":[\"https:\\\/\\\/www.linkedin.com\\\/company\\\/5258346\"]}]}<\/script>\n<!-- \/ Yoast SEO plugin. -->","yoast_head_json":{"title":"Click2Buy | Contactez-nous","description":"Une question ? Contactez-nous ! Besoin d\u2019\u00e9changer avec un membre de l\u2019\u00e9quipe Click2Buy au sujet d\u2019un projet potentiel ? Contactez-nous par t\u00e9l\u00e9phone au +33 3 66 72 29 04.","robots":{"index":"index","follow":"follow","max-snippet":"max-snippet:-1","max-image-preview":"max-image-preview:large","max-video-preview":"max-video-preview:-1"},"canonical":"https:\/\/click2buy.com\/fr\/contact\/","og_locale":"fr_FR","og_type":"article","og_title":"Click2Buy | Contactez-nous","og_description":"Une question ? Contactez-nous ! Besoin d\u2019\u00e9changer avec un membre de l\u2019\u00e9quipe Click2Buy au sujet d\u2019un projet potentiel ? Contactez-nous par t\u00e9l\u00e9phone au +33 3 66 72 29 04.","og_url":"https:\/\/click2buy.com\/fr\/contact\/","og_site_name":"Click2Buy","article_modified_time":"2024-09-09T14:52:01+00:00","og_image":[{"width":1056,"height":1132,"url":"https:\/\/click2buy.com\/wp-content\/uploads\/2024\/04\/featured-image.jpg","type":"image\/jpeg"}],"twitter_card":"summary_large_image","twitter_misc":{"Dur\u00e9e de lecture estim\u00e9e":"1 minute"},"schema":{"@context":"https:\/\/schema.org","@graph":[{"@type":"WebPage","@id":"https:\/\/click2buy.com\/fr\/contact\/","url":"https:\/\/click2buy.com\/fr\/contact\/","name":"Click2Buy | Contactez-nous","isPartOf":{"@id":"https:\/\/click2buy.com\/fr\/#website"},"primaryImageOfPage":{"@id":"https:\/\/click2buy.com\/fr\/contact\/#primaryimage"},"image":{"@id":"https:\/\/click2buy.com\/fr\/contact\/#primaryimage"},"thumbnailUrl":"https:\/\/click2buy.com\/wp-content\/uploads\/2024\/04\/featured-image.jpg","datePublished":"2024-04-17T14:24:54+00:00","dateModified":"2024-09-09T14:52:01+00:00","description":"Une question ? Contactez-nous ! Besoin d\u2019\u00e9changer avec un membre de l\u2019\u00e9quipe Click2Buy au sujet d\u2019un projet potentiel ? Contactez-nous par t\u00e9l\u00e9phone au +33 3 66 72 29 04.","breadcrumb":{"@id":"https:\/\/click2buy.com\/fr\/contact\/#breadcrumb"},"inLanguage":"fr-FR","potentialAction":[{"@type":"ReadAction","target":["https:\/\/click2buy.com\/fr\/contact\/"]}]},{"@type":"ImageObject","inLanguage":"fr-FR","@id":"https:\/\/click2buy.com\/fr\/contact\/#primaryimage","url":"https:\/\/click2buy.com\/wp-content\/uploads\/2024\/04\/featured-image.jpg","contentUrl":"https:\/\/click2buy.com\/wp-content\/uploads\/2024\/04\/featured-image.jpg","width":1056,"height":1132},{"@type":"BreadcrumbList","@id":"https:\/\/click2buy.com\/fr\/contact\/#breadcrumb","itemListElement":[{"@type":"ListItem","position":1,"name":"Home","item":"https:\/\/click2buy.com\/fr\/"},{"@type":"ListItem","position":2,"name":"Contactez-nous"}]},{"@type":"WebSite","@id":"https:\/\/click2buy.com\/fr\/#website","url":"https:\/\/click2buy.com\/fr\/","name":"Click2Buy","description":"Facilite le parcours d&#039;achat","publisher":{"@id":"https:\/\/click2buy.com\/fr\/#organization"},"potentialAction":[{"@type":"SearchAction","target":{"@type":"EntryPoint","urlTemplate":"https:\/\/click2buy.com\/fr\/?s={search_term_string}"},"query-input":{"@type":"PropertyValueSpecification","valueRequired":true,"valueName":"search_term_string"}}],"inLanguage":"fr-FR"},{"@type":"Organization","@id":"https:\/\/click2buy.com\/fr\/#organization","name":"Click2Buy","url":"https:\/\/click2buy.com\/fr\/","logo":{"@type":"ImageObject","inLanguage":"fr-FR","@id":"https:\/\/click2buy.com\/fr\/#\/schema\/logo\/image\/","url":"https:\/\/click2buy.com\/wp-content\/uploads\/2026\/02\/Logo-Click2buy-1.webp","contentUrl":"https:\/\/click2buy.com\/wp-content\/uploads\/2026\/02\/Logo-Click2buy-1.webp","width":2480,"height":559,"caption":"Click2Buy"},"image":{"@id":"https:\/\/click2buy.com\/fr\/#\/schema\/logo\/image\/"},"sameAs":["https:\/\/www.linkedin.com\/company\/5258346"]}]}},"_links":{"self":[{"href":"https:\/\/click2buy.com\/fr\/wp-json\/wp\/v2\/pages\/62080","targetHints":{"allow":["GET"]}}],"collection":[{"href":"https:\/\/click2buy.com\/fr\/wp-json\/wp\/v2\/pages"}],"about":[{"href":"https:\/\/click2buy.com\/fr\/wp-json\/wp\/v2\/types\/page"}],"author":[{"embeddable":true,"href":"https:\/\/click2buy.com\/fr\/wp-json\/wp\/v2\/users\/19"}],"replies":[{"embeddable":true,"href":"https:\/\/click2buy.com\/fr\/wp-json\/wp\/v2\/comments?post=62080"}],"version-history":[{"count":36,"href":"https:\/\/click2buy.com\/fr\/wp-json\/wp\/v2\/pages\/62080\/revisions"}],"predecessor-version":[{"id":67410,"href":"https:\/\/click2buy.com\/fr\/wp-json\/wp\/v2\/pages\/62080\/revisions\/67410"}],"wp:featuredmedia":[{"embeddable":true,"href":"https:\/\/click2buy.com\/fr\/wp-json\/wp\/v2\/media\/63138"}],"wp:attachment":[{"href":"https:\/\/click2buy.com\/fr\/wp-json\/wp\/v2\/media?parent=62080"}],"curies":[{"name":"wp","href":"https:\/\/api.w.org\/{rel}","templated":true}]}}